{"id":6611,"date":"2025-10-06T12:36:33","date_gmt":"2025-10-06T12:36:33","guid":{"rendered":"https:\/\/bolbec-running-club.org\/?page_id=6611"},"modified":"2025-12-29T09:15:51","modified_gmt":"2025-12-29T09:15:51","slug":"yeblrun-3","status":"publish","type":"page","link":"https:\/\/bolbec-running-club.org\/?page_id=6611","title":{"rendered":"Y\u00e9bl&rsquo;run"},"content":{"rendered":"<p>[et_pb_section fb_built=\u00a0\u00bb1&Prime; _builder_version=\u00a0\u00bb4.27.4&Prime; _module_preset=\u00a0\u00bbdefault\u00a0\u00bb background_color=\u00a0\u00bb#000000&Prime; global_colors_info=\u00a0\u00bb{}\u00a0\u00bb][et_pb_row _builder_version=\u00a0\u00bb4.27.4&Prime; _module_preset=\u00a0\u00bbdefault\u00a0\u00bb custom_padding=\u00a0\u00bb||81px|||\u00a0\u00bb global_colors_info=\u00a0\u00bb{}\u00a0\u00bb][et_pb_column type=\u00a0\u00bb4_4&Prime; _builder_version=\u00a0\u00bb4.27.4&Prime; _module_preset=\u00a0\u00bbdefault\u00a0\u00bb global_colors_info=\u00a0\u00bb{}\u00a0\u00bb][et_pb_text _builder_version=\u00a0\u00bb4.27.5&Prime; _module_preset=\u00a0\u00bbdefault\u00a0\u00bb hover_enabled=\u00a0\u00bb0&Prime; global_colors_info=\u00a0\u00bb{}\u00a0\u00bb sticky_enabled=\u00a0\u00bb0&Prime;]<\/p>\n<h1 style=\"text-align: center;\">Samedi 26 D\u00e9cembre 2026<\/h1>\n<p>[\/et_pb_text][et_pb_text _builder_version=\u00a0\u00bb4.27.4&Prime; _module_preset=\u00a0\u00bbdefault\u00a0\u00bb global_colors_info=\u00a0\u00bb{}\u00a0\u00bb]<\/p>\n<h1 style=\"text-align: center;\">La Y\u00e9bl \u2019Run \u2013 10 km nocturne de Y\u00e9bleron<\/h1>\n<p>[\/et_pb_text][\/et_pb_column][\/et_pb_row][et_pb_row column_structure=\u00a0\u00bb1_2,1_2&Prime; _builder_version=\u00a0\u00bb4.27.5&Prime; _module_preset=\u00a0\u00bbdefault\u00a0\u00bb global_colors_info=\u00a0\u00bb{}\u00a0\u00bb][et_pb_column type=\u00a0\u00bb1_2&Prime; _builder_version=\u00a0\u00bb4.27.5&Prime; _module_preset=\u00a0\u00bbdefault\u00a0\u00bb global_colors_info=\u00a0\u00bb{}\u00a0\u00bb][et_pb_text _builder_version=\u00a0\u00bb4.27.5&Prime; _module_preset=\u00a0\u00bbdefault\u00a0\u00bb custom_margin=\u00a0\u00bb||102px|||\u00a0\u00bb custom_padding=\u00a0\u00bb157px|||||\u00a0\u00bb hover_enabled=\u00a0\u00bb0&Prime; global_colors_info=\u00a0\u00bb{}\u00a0\u00bb sticky_enabled=\u00a0\u00bb0&Prime;]<\/p>\n<h1 style=\"text-align: center;\"><span style=\"color: #ffff00;\"><a href=\"https:\/\/bolbec-running-club.org\/wp-content\/uploads\/2025\/12\/Classement-2025-1.pdf\" style=\"color: #ffff00;\">Les r\u00e9sultats 2025<\/a><\/span><\/h1>\n<p>[\/et_pb_text][\/et_pb_column][et_pb_column type=\u00a0\u00bb1_2&Prime; _builder_version=\u00a0\u00bb4.27.5&Prime; _module_preset=\u00a0\u00bbdefault\u00a0\u00bb global_colors_info=\u00a0\u00bb{}\u00a0\u00bb][et_pb_image src=\u00a0\u00bbhttps:\/\/bolbec-running-club.org\/wp-content\/uploads\/2025\/12\/IMG_1708.jpg\u00a0\u00bb _builder_version=\u00a0\u00bb4.27.5&Prime; _module_preset=\u00a0\u00bbdefault\u00a0\u00bb title_text=\u00a0\u00bbIMG_1708&Prime; hover_enabled=\u00a0\u00bb0&Prime; sticky_enabled=\u00a0\u00bb0&Prime;][\/et_pb_image][\/et_pb_column][\/et_pb_row][et_pb_row column_structure=\u00a0\u00bb1_2,1_2&Prime; _builder_version=\u00a0\u00bb4.27.4&Prime; _module_preset=\u00a0\u00bbdefault\u00a0\u00bb hover_enabled=\u00a0\u00bb0&Prime; global_colors_info=\u00a0\u00bb{}\u00a0\u00bb sticky_enabled=\u00a0\u00bb0&Prime;][et_pb_column type=\u00a0\u00bb1_2&Prime; _builder_version=\u00a0\u00bb4.27.4&Prime; _module_preset=\u00a0\u00bbdefault\u00a0\u00bb global_colors_info=\u00a0\u00bb{}\u00a0\u00bb][et_pb_image src=\u00a0\u00bbhttps:\/\/bolbec-running-club.org\/wp-content\/uploads\/2025\/12\/IMG_1705.jpg\u00a0\u00bb _builder_version=\u00a0\u00bb4.27.5&Prime; _module_preset=\u00a0\u00bbdefault\u00a0\u00bb title_text=\u00a0\u00bbIMG_1705&Prime; hover_enabled=\u00a0\u00bb0&Prime; sticky_enabled=\u00a0\u00bb0&Prime;][\/et_pb_image][\/et_pb_column][et_pb_column type=\u00a0\u00bb1_2&Prime; _builder_version=\u00a0\u00bb4.27.4&Prime; _module_preset=\u00a0\u00bbdefault\u00a0\u00bb global_colors_info=\u00a0\u00bb{}\u00a0\u00bb][et_pb_text _builder_version=\u00a0\u00bb4.27.5&Prime; _module_preset=\u00a0\u00bbdefault\u00a0\u00bb custom_padding=\u00a0\u00bb79px|||||\u00a0\u00bb hover_enabled=\u00a0\u00bb0&Prime; global_colors_info=\u00a0\u00bb{}\u00a0\u00bb sticky_enabled=\u00a0\u00bb0&Prime;]<\/p>\n<blockquote>\n<h3 data-start=\"253\" data-end=\"296\">Samedi 26 d\u00e9cembre 2026 \u2013 2\u00e9me \u00e9dition<\/h3>\n<\/blockquote>\n<p data-start=\"298\" data-end=\"545\">Envie de vivre une exp\u00e9rience de course \u00e0 pied diff\u00e9rente ?<br data-start=\"357\" data-end=\"360\" \/>De courir un <strong data-start=\"373\" data-end=\"390\">10 km de nuit<\/strong>, dans une <strong data-start=\"401\" data-end=\"435\">ambiance festive et conviviale<\/strong> ?<br data-start=\"437\" data-end=\"440\" \/>Alors bienvenue \u00e0 <strong data-start=\"458\" data-end=\"474\">la Y\u00e9bl \u2019Run<\/strong>, la toute nouvelle course organis\u00e9e par le <strong data-start=\"518\" data-end=\"541\">Bolbec Running Club<\/strong> !<\/p>\n<p>[\/et_pb_text][\/et_pb_column][\/et_pb_row][et_pb_row _builder_version=\u00a0\u00bb4.27.4&Prime; _module_preset=\u00a0\u00bbdefault\u00a0\u00bb custom_margin=\u00a0\u00bb-67px|auto||auto||\u00a0\u00bb global_colors_info=\u00a0\u00bb{}\u00a0\u00bb column_structure=\u00a0\u00bb1_2,1_2&Prime;][et_pb_column type=\u00a0\u00bb1_2&Prime; _builder_version=\u00a0\u00bb4.27.4&Prime; _module_preset=\u00a0\u00bbdefault\u00a0\u00bb global_colors_info=\u00a0\u00bb{}\u00a0\u00bb][et_pb_text _builder_version=\u00a0\u00bb4.27.5&Prime; _module_preset=\u00a0\u00bbdefault\u00a0\u00bb global_colors_info=\u00a0\u00bb{}\u00a0\u00bb custom_margin=\u00a0\u00bb34px|||||\u00a0\u00bb]<\/p>\n<blockquote>\n<h3 data-start=\"547\" data-end=\"593\">Un 10 km entre performance et plaisir<\/h3>\n<\/blockquote>\n<p data-start=\"594\" data-end=\"925\">Riche de son exp\u00e9rience sur le <strong data-start=\"625\" data-end=\"652\">Semi-Marathon de Bolbec<\/strong>, le BRC a souhait\u00e9 aller plus loin en vous proposant une <strong data-start=\"710\" data-end=\"748\">nouvelle \u00e9preuve accessible \u00e0 tous<\/strong>, m\u00ealant <strong data-start=\"757\" data-end=\"794\">plaisir de courir et d\u00e9fi sportif<\/strong>.<br data-start=\"795\" data-end=\"798\" \/>Le parcours, roulant et s\u00e9curis\u00e9, vous permettra de vous faire plaisir tout en profitant d\u2019une ambiance lumineuse et joyeuse.<\/p>\n<p data-start=\"927\" data-end=\"1050\"><strong data-start=\"930\" data-end=\"948\">D\u00e9part \u00e0 19h00<\/strong> \u2013 Place de la Mairie \u00e0 <strong data-start=\"972\" data-end=\"984\">Y\u00e9bleron<\/strong><br data-start=\"984\" data-end=\"987\" \/><strong data-start=\"990\" data-end=\"1014\">500 dossards maximum<\/strong> : ne tardez pas \u00e0 vous inscrire !<\/p>\n<blockquote>\n<h3 data-start=\"1052\" data-end=\"1092\">Une marche de 6 km pour tous<\/h3>\n<\/blockquote>\n<p data-start=\"1093\" data-end=\"1230\">Avant la course, une <strong data-start=\"1114\" data-end=\"1140\">marche festive de 6 km<\/strong> sera propos\u00e9e \u00e0 18h00. L\u2019occasion parfaite pour participer \u00e0 la f\u00eate, m\u00eame sans courir.<\/p>\n<p>[\/et_pb_text][\/et_pb_column][et_pb_column _builder_version=\u00a0\u00bb4.27.5&Prime; _module_preset=\u00a0\u00bbdefault\u00a0\u00bb type=\u00a0\u00bb1_2&Prime;][et_pb_image src=\u00a0\u00bbhttps:\/\/bolbec-running-club.org\/wp-content\/uploads\/2025\/12\/1.jpg\u00a0\u00bb _builder_version=\u00a0\u00bb4.27.5&Prime; _module_preset=\u00a0\u00bbdefault\u00a0\u00bb title_text=\u00a0\u00bb1&Prime; hover_enabled=\u00a0\u00bb0&Prime; sticky_enabled=\u00a0\u00bb0&Prime; custom_padding=\u00a0\u00bb72px|||||\u00a0\u00bb][\/et_pb_image][\/et_pb_column][\/et_pb_row][et_pb_row _builder_version=\u00a0\u00bb4.27.4&Prime; _module_preset=\u00a0\u00bbdefault\u00a0\u00bb global_colors_info=\u00a0\u00bb{}\u00a0\u00bb column_structure=\u00a0\u00bb1_2,1_2&Prime;][et_pb_column type=\u00a0\u00bb1_2&Prime; _builder_version=\u00a0\u00bb4.27.4&Prime; _module_preset=\u00a0\u00bbdefault\u00a0\u00bb global_colors_info=\u00a0\u00bb{}\u00a0\u00bb][et_pb_image src=\u00a0\u00bbhttps:\/\/bolbec-running-club.org\/wp-content\/uploads\/2025\/12\/IMG_1749.jpg\u00a0\u00bb _builder_version=\u00a0\u00bb4.27.5&Prime; _module_preset=\u00a0\u00bbdefault\u00a0\u00bb title_text=\u00a0\u00bbIMG_1749&Prime; hover_enabled=\u00a0\u00bb0&Prime; sticky_enabled=\u00a0\u00bb0&Prime;][\/et_pb_image][\/et_pb_column][et_pb_column type=\u00a0\u00bb1_2&Prime; _builder_version=\u00a0\u00bb4.27.4&Prime; _module_preset=\u00a0\u00bbdefault\u00a0\u00bb global_colors_info=\u00a0\u00bb{}\u00a0\u00bb][et_pb_text _builder_version=\u00a0\u00bb4.27.5&Prime; _module_preset=\u00a0\u00bbdefault\u00a0\u00bb global_colors_info=\u00a0\u00bb{}\u00a0\u00bb]<\/p>\n<blockquote>\n<h3 data-start=\"1232\" data-end=\"1256\">Infos pratiques<\/h3>\n<\/blockquote>\n<ul data-start=\"1257\" data-end=\"1572\">\n<li data-start=\"1257\" data-end=\"1337\">\n<p data-start=\"1259\" data-end=\"1337\"><strong data-start=\"1259\" data-end=\"1270\">Parking<\/strong> : Champs de foire (parking de la boulangerie, derri\u00e8re l\u2019\u00e9glise)<\/p>\n<\/li>\n<li data-start=\"1338\" data-end=\"1408\">\n<p data-start=\"1340\" data-end=\"1408\"><strong data-start=\"1340\" data-end=\"1364\">Retrait des dossards<\/strong> : Salle de la H\u00eatraie (\u00e0 50 m du parking) de 16h \u00e0 18h30<\/p>\n<\/li>\n<li data-start=\"1409\" data-end=\"1454\">\n<p data-start=\"1411\" data-end=\"1454\"><strong data-start=\"1411\" data-end=\"1431\">D\u00e9part \/ Arriv\u00e9e<\/strong> : Place de la Mairie<\/p>\n<\/li>\n<li data-start=\"1455\" data-end=\"1572\">\n<p data-start=\"1457\" data-end=\"1572\"><strong data-start=\"1457\" data-end=\"1482\">\u00c9quipement recommand\u00e9<\/strong> : une <strong data-start=\"1489\" data-end=\"1507\">lampe frontale<\/strong> pour la s\u00e9curit\u00e9\u2026 et une <strong data-start=\"1533\" data-end=\"1551\">touche de No\u00ebl<\/strong> sur votre tenue<\/p>\n<\/li>\n<\/ul>\n<blockquote>\n<h3 data-start=\"1574\" data-end=\"1608\">Inscriptions et r\u00e8glement<\/h3>\n<\/blockquote>\n<p data-start=\"1609\" data-end=\"1730\">Retrouvez le <strong data-start=\"1625\" data-end=\"1651\">r\u00e8glement de la course<\/strong> <span style=\"color: #ffcc00;\">[ici]<\/span><br data-start=\"1657\" data-end=\"1660\" \/>Inscriptions sur <strong data-start=\"1683\" data-end=\"1710\">Normandie Course \u00e0 Pied<\/strong> en cliquant <span style=\"color: #ffcc00;\"><a href=\"https:\/\/emea01.safelinks.protection.outlook.com\/?url=https%3A%2F%2Fyeblrun.123go.fr%2Ffr&amp;data=05%7C02%7C%7Cf774d36e92264855f7df08de05b3fba0%7C84df9e7fe9f640afb435aaaaaaaaaaaa%7C1%7C0%7C638954467726505569%7CUnknown%7CTWFpbGZsb3d8eyJFbXB0eU1hcGkiOnRydWUsIlYiOiIwLjAuMDAwMCIsIlAiOiJXaW4zMiIsIkFOIjoiTWFpbCIsIldUIjoyfQ%3D%3D%7C0%7C%7C%7C&amp;sdata=egEcSRsVDUSh3cZtu6Auds%2BuE2UfbMvOr7P5RuCwNIM%3D&amp;reserved=0\" style=\"color: #ffcc00;\">[ici]<\/a><\/span><\/p>\n<p>[\/et_pb_text][\/et_pb_column][\/et_pb_row][et_pb_row _builder_version=\u00a0\u00bb4.27.5&Prime; _module_preset=\u00a0\u00bbdefault\u00a0\u00bb global_colors_info=\u00a0\u00bb{}\u00a0\u00bb][et_pb_column type=\u00a0\u00bb4_4&Prime; _builder_version=\u00a0\u00bb4.27.5&Prime; _module_preset=\u00a0\u00bbdefault\u00a0\u00bb global_colors_info=\u00a0\u00bb{}\u00a0\u00bb][et_pb_text _builder_version=\u00a0\u00bb4.27.5&Prime; _module_preset=\u00a0\u00bbdefault\u00a0\u00bb global_colors_info=\u00a0\u00bb{}\u00a0\u00bb]<\/p>\n<h2 style=\"text-align: center;\">Voici les deux parcours : celui du 10 km et celui de la marche.<br data-start=\"127\" data-end=\"130\" \/>Nous rappelons que l\u2019\u00e9clairage est obligatoire &#x1f642;<\/h2>\n<p>[\/et_pb_text][\/et_pb_column][\/et_pb_row][et_pb_row column_structure=\u00a0\u00bb1_2,1_2&Prime; _builder_version=\u00a0\u00bb4.27.5&Prime; _module_preset=\u00a0\u00bbdefault\u00a0\u00bb global_colors_info=\u00a0\u00bb{}\u00a0\u00bb][et_pb_column type=\u00a0\u00bb1_2&Prime; _builder_version=\u00a0\u00bb4.27.5&Prime; _module_preset=\u00a0\u00bbdefault\u00a0\u00bb global_colors_info=\u00a0\u00bb{}\u00a0\u00bb][et_pb_image src=\u00a0\u00bbhttps:\/\/bolbec-running-club.org\/wp-content\/uploads\/2025\/12\/Capture-decran-2025-12-16-102559.jpg\u00a0\u00bb title_text=\u00a0\u00bbCapture d\u2019\u00e9cran 2025-12-16 102559&Prime; _builder_version=\u00a0\u00bb4.27.5&Prime; _module_preset=\u00a0\u00bbdefault\u00a0\u00bb min_height=\u00a0\u00bb569.3px\u00a0\u00bb custom_margin=\u00a0\u00bb75px|||||\u00a0\u00bb custom_padding=\u00a0\u00bb38px|||||\u00a0\u00bb global_colors_info=\u00a0\u00bb{}\u00a0\u00bb][\/et_pb_image][\/et_pb_column][et_pb_column type=\u00a0\u00bb1_2&Prime; _builder_version=\u00a0\u00bb4.27.5&Prime; _module_preset=\u00a0\u00bbdefault\u00a0\u00bb global_colors_info=\u00a0\u00bb{}\u00a0\u00bb][et_pb_text _builder_version=\u00a0\u00bb4.27.5&Prime; _module_preset=\u00a0\u00bbdefault\u00a0\u00bb custom_margin=\u00a0\u00bb-41px||-41px||true|\u00a0\u00bb global_colors_info=\u00a0\u00bb{}\u00a0\u00bb]<\/p>\n<h5 style=\"text-align: center;\"><\/h5>\n<p>&nbsp;<\/p>\n<p data-start=\"127\" data-end=\"175\"><strong data-start=\"127\" data-end=\"175\">Nous vous expliquons en d\u00e9tail le parcours du 10km :<\/strong><\/p>\n<p data-start=\"177\" data-end=\"767\">&#x1f4cd; <strong data-start=\"180\" data-end=\"190\">D\u00e9part<\/strong> : Place Fernand Auger<br data-start=\"212\" data-end=\"215\" \/>&#x27a1;&#xfe0f; Rue de l\u2019\u00c9glise<br data-start=\"233\" data-end=\"236\" \/>&#x27a1;&#xfe0f; Route de Foucart<br data-start=\"255\" data-end=\"258\" \/>&#x27a1;&#xfe0f; Route de Bolbec<br data-start=\"276\" data-end=\"279\" \/>&#x27a1;&#xfe0f; Rue Traversi\u00e8re<br data-start=\"297\" data-end=\"300\" \/>&#x27a1;&#xfe0f; Route de Bolleville<br data-start=\"322\" data-end=\"325\" \/>&#x27a1;&#xfe0f; Travers\u00e9e de la Place Fernand Auger<br data-start=\"363\" data-end=\"366\" \/>&#x27a1;&#xfe0f; Rue du Vaulard<br data-start=\"383\" data-end=\"386\" \/>&#x27a1;&#xfe0f; Rue de l\u2019\u00c9cole Libre<br data-start=\"409\" data-end=\"412\" \/>&#x27a1;&#xfe0f; Rue de l\u2019\u00c9glise<br data-start=\"430\" data-end=\"433\" \/>&#x27a1;&#xfe0f; Route de Bolleville<br data-start=\"455\" data-end=\"458\" \/>&#x27a1;&#xfe0f; Rue du Hameau Neuf<br data-start=\"479\" data-end=\"482\" \/>&#x27a1;&#xfe0f; Route de Foucart<br data-start=\"501\" data-end=\"504\" \/>&#x27a1;&#xfe0f; Rue de la Forge<br data-start=\"522\" data-end=\"525\" \/>&#x27a1;&#xfe0f; Rue du Calvaire<br data-start=\"543\" data-end=\"546\" \/>&#x27a1;&#xfe0f; Route d\u2019Hattenville<br data-start=\"568\" data-end=\"571\" \/>&#x27a1;&#xfe0f; Sente des Rouelles<br data-start=\"592\" data-end=\"595\" \/>&#x27a1;&#xfe0f; Route de Saint-Maclou<br data-start=\"619\" data-end=\"622\" \/>&#x27a1;&#xfe0f; Parking de l\u2019\u00c9cole<br data-start=\"643\" data-end=\"646\" \/>&#x27a1;&#xfe0f; Route de Bolbec<br data-start=\"664\" data-end=\"667\" \/>&#x27a1;&#xfe0f; Lotissement des Tilleuls<br data-start=\"694\" data-end=\"697\" \/>&#x27a1;&#xfe0f; Route de la Valette<br data-start=\"719\" data-end=\"722\" \/>&#x27a1;&#xfe0f; Route du Manoir<br data-start=\"740\" data-end=\"743\" \/>&#x27a1;&#xfe0f; Route de Bolleville<\/p>\n<p data-start=\"769\" data-end=\"874\">&#x1f501; <strong data-start=\"772\" data-end=\"791\">Deuxi\u00e8me boucle<\/strong> :<br data-start=\"793\" data-end=\"796\" \/>Retour par la <strong data-start=\"810\" data-end=\"829\">Rue de la Forge<\/strong> pour effectuer une seconde boucle identique.<\/p>\n<p data-start=\"876\" data-end=\"993\">&#x1f3c1; <strong data-start=\"879\" data-end=\"890\">Arriv\u00e9e<\/strong> :<br data-start=\"892\" data-end=\"895\" \/>Route de Foucart, puis mont\u00e9e par la <strong data-start=\"932\" data-end=\"951\">Rue de l\u2019\u00c9glise<\/strong> pour une arriv\u00e9e <strong data-start=\"969\" data-end=\"992\">Place Fernand Auger<\/strong>.<\/p>\n<p data-start=\"876\" data-end=\"993\"><span style=\"color: #ffff00;\"><strong><span style=\"text-decoration: underline;\"><a href=\"https:\/\/www.openrunner.com\/route-details\/23014393\" style=\"color: #ffff00; text-decoration: underline;\">Lien vers le plan<\/a><\/span><\/strong><\/span><\/p>\n<p>[\/et_pb_text][\/et_pb_column][\/et_pb_row][et_pb_row _builder_version=\u00a0\u00bb4.27.5&Prime; _module_preset=\u00a0\u00bbdefault\u00a0\u00bb column_structure=\u00a0\u00bb1_3,1_3,1_3&Prime;][et_pb_column _builder_version=\u00a0\u00bb4.27.5&Prime; _module_preset=\u00a0\u00bbdefault\u00a0\u00bb type=\u00a0\u00bb1_3&Prime;][et_pb_image src=\u00a0\u00bbhttps:\/\/bolbec-running-club.org\/wp-content\/uploads\/2025\/12\/IMG_1488.jpg\u00a0\u00bb _builder_version=\u00a0\u00bb4.27.5&Prime; _module_preset=\u00a0\u00bbdefault\u00a0\u00bb hover_enabled=\u00a0\u00bb0&Prime; sticky_enabled=\u00a0\u00bb0&Prime; title_text=\u00a0\u00bbIMG_1488&Prime;][\/et_pb_image][\/et_pb_column][et_pb_column _builder_version=\u00a0\u00bb4.27.5&Prime; _module_preset=\u00a0\u00bbdefault\u00a0\u00bb type=\u00a0\u00bb1_3&Prime;][et_pb_image src=\u00a0\u00bbhttps:\/\/bolbec-running-club.org\/wp-content\/uploads\/2025\/12\/IMG_1617.jpg\u00a0\u00bb _builder_version=\u00a0\u00bb4.27.5&Prime; _module_preset=\u00a0\u00bbdefault\u00a0\u00bb hover_enabled=\u00a0\u00bb0&Prime; sticky_enabled=\u00a0\u00bb0&Prime; title_text=\u00a0\u00bbIMG_1617&Prime;][\/et_pb_image][\/et_pb_column][et_pb_column _builder_version=\u00a0\u00bb4.27.5&Prime; _module_preset=\u00a0\u00bbdefault\u00a0\u00bb type=\u00a0\u00bb1_3&Prime;][et_pb_image src=\u00a0\u00bbhttps:\/\/bolbec-running-club.org\/wp-content\/uploads\/2025\/12\/IMG_1568.jpg\u00a0\u00bb _builder_version=\u00a0\u00bb4.27.5&Prime; _module_preset=\u00a0\u00bbdefault\u00a0\u00bb title_text=\u00a0\u00bbIMG_1568&Prime; hover_enabled=\u00a0\u00bb0&Prime; sticky_enabled=\u00a0\u00bb0&Prime;][\/et_pb_image][\/et_pb_column][\/et_pb_row][et_pb_row _builder_version=\u00a0\u00bb4.27.5&Prime; _module_preset=\u00a0\u00bbdefault\u00a0\u00bb global_colors_info=\u00a0\u00bb{}\u00a0\u00bb][et_pb_column type=\u00a0\u00bb4_4&Prime; _builder_version=\u00a0\u00bb4.27.5&Prime; _module_preset=\u00a0\u00bbdefault\u00a0\u00bb global_colors_info=\u00a0\u00bb{}\u00a0\u00bb][et_pb_text _builder_version=\u00a0\u00bb4.27.5&Prime; _module_preset=\u00a0\u00bbdefault\u00a0\u00bb global_colors_info=\u00a0\u00bb{}\u00a0\u00bb]<\/p>\n<h2 data-start=\"876\" data-end=\"993\"><strong>Pour le 6km marche :<\/strong><\/h2>\n<p data-start=\"876\" data-end=\"993\">&#x1f4cd; <strong data-start=\"180\" data-end=\"190\">D\u00e9part<\/strong> : Place Fernand Auger<br data-start=\"212\" data-end=\"215\" \/>&#x27a1;&#xfe0f; Rue de l\u2019\u00c9glise &#x27a1;&#xfe0f; Route de Foucart &#x27a1;&#xfe0f; Route de Bolbec &#x27a1;&#xfe0f; Rue Traversi\u00e8re &#x27a1;&#xfe0f; Route de Bolleville &#x27a1;&#xfe0f; Travers\u00e9e de la Place Fernand Auger &#x27a1;&#xfe0f; Rue du Vaulard &#x27a1;&#xfe0f; Rue de l\u2019\u00c9cole Libre &#x27a1;&#xfe0f; Rue de l\u2019\u00c9glise &#x27a1;&#xfe0f; Route de Bolleville &#x27a1;&#xfe0f; Rue du Hameau Neuf &#x27a1;&#xfe0f; Route de Foucart &#x27a1;&#xfe0f; Rue de la Forge &#x27a1;&#xfe0f; Rue du Calvaire &#x27a1;&#xfe0f; Route d\u2019Hattenville &#x27a1;&#xfe0f; Sente des Rouelles &#x27a1;&#xfe0f; Route de Saint-Maclou &#x27a1;&#xfe0f; Parking de l\u2019\u00c9cole &#x27a1;&#xfe0f; Route de Bolbec &#x27a1;&#xfe0f; Lotissement des Tilleuls &#x27a1;&#xfe0f; Route de la Valette &#x27a1;&#xfe0f; Route du Manoir &#x27a1;&#xfe0f; Route de Bolleville<\/p>\n<p data-start=\"876\" data-end=\"993\">&#x1f3c1; <strong data-start=\"879\" data-end=\"890\">Arriv\u00e9e<\/strong> :<br data-start=\"892\" data-end=\"895\" \/>Route de Foucart, puis mont\u00e9e par la <strong data-start=\"932\" data-end=\"951\">Rue de l\u2019\u00c9glise<\/strong> pour une arriv\u00e9e <strong data-start=\"969\" data-end=\"992\">Place Fernand Auger<\/strong>.<\/p>\n<p data-start=\"876\" data-end=\"993\"><span style=\"color: #ffff00;\"><a href=\"https:\/\/www.openrunner.com\/route-details\/23038105\" style=\"color: #ffff00;\"><span style=\"text-decoration: underline;\"><strong>Lien vers le plan<\/strong><\/span><\/a><\/span><\/p>\n<p>[\/et_pb_text][\/et_pb_column][\/et_pb_row][et_pb_row _builder_version=\u00a0\u00bb4.27.5&Prime; _module_preset=\u00a0\u00bbdefault\u00a0\u00bb column_structure=\u00a0\u00bb1_3,1_3,1_3&Prime;][et_pb_column _builder_version=\u00a0\u00bb4.27.5&Prime; _module_preset=\u00a0\u00bbdefault\u00a0\u00bb type=\u00a0\u00bb1_3&Prime;][et_pb_image src=\u00a0\u00bbhttps:\/\/bolbec-running-club.org\/wp-content\/uploads\/2025\/12\/IMG_1697.jpg\u00a0\u00bb _builder_version=\u00a0\u00bb4.27.5&Prime; _module_preset=\u00a0\u00bbdefault\u00a0\u00bb title_text=\u00a0\u00bbIMG_1697&Prime; hover_enabled=\u00a0\u00bb0&Prime; sticky_enabled=\u00a0\u00bb0&Prime;][\/et_pb_image][\/et_pb_column][et_pb_column _builder_version=\u00a0\u00bb4.27.5&Prime; _module_preset=\u00a0\u00bbdefault\u00a0\u00bb type=\u00a0\u00bb1_3&Prime;][et_pb_image src=\u00a0\u00bbhttps:\/\/bolbec-running-club.org\/wp-content\/uploads\/2025\/12\/IMG_1671.jpg\u00a0\u00bb _builder_version=\u00a0\u00bb4.27.5&Prime; _module_preset=\u00a0\u00bbdefault\u00a0\u00bb title_text=\u00a0\u00bbIMG_1671&Prime; hover_enabled=\u00a0\u00bb0&Prime; sticky_enabled=\u00a0\u00bb0&Prime;][\/et_pb_image][\/et_pb_column][et_pb_column _builder_version=\u00a0\u00bb4.27.5&Prime; _module_preset=\u00a0\u00bbdefault\u00a0\u00bb type=\u00a0\u00bb1_3&Prime;][et_pb_image src=\u00a0\u00bbhttps:\/\/bolbec-running-club.org\/wp-content\/uploads\/2025\/12\/IMG_1633.jpg\u00a0\u00bb _builder_version=\u00a0\u00bb4.27.5&Prime; _module_preset=\u00a0\u00bbdefault\u00a0\u00bb title_text=\u00a0\u00bbIMG_1633&Prime; hover_enabled=\u00a0\u00bb0&Prime; sticky_enabled=\u00a0\u00bb0&Prime;][\/et_pb_image][\/et_pb_column][\/et_pb_row][\/et_pb_section]<\/p>\n","protected":false},"excerpt":{"rendered":"<p>Samedi 26 D\u00e9cembre 2026La Y\u00e9bl \u2019Run \u2013 10 km nocturne de Y\u00e9bleronLes r\u00e9sultats 2025 Samedi 26 d\u00e9cembre 2026 \u2013 2\u00e9me \u00e9dition Envie de vivre une exp\u00e9rience de course \u00e0 pied diff\u00e9rente ?De courir un 10 km de nuit, dans une ambiance festive et conviviale ?Alors bienvenue \u00e0 la Y\u00e9bl \u2019Run, la toute nouvelle course organis\u00e9e [&hellip;]<\/p>\n","protected":false},"author":1,"featured_media":6616,"parent":0,"menu_order":0,"comment_status":"closed","ping_status":"closed","template":"","meta":{"_et_pb_use_builder":"on","_et_pb_old_content":"","_et_gb_content_width":"","footnotes":""},"class_list":["post-6611","page","type-page","status-publish","has-post-thumbnail","hentry"],"aioseo_notices":[],"_links":{"self":[{"href":"https:\/\/bolbec-running-club.org\/index.php?rest_route=\/wp\/v2\/pages\/6611","targetHints":{"allow":["GET"]}}],"collection":[{"href":"https:\/\/bolbec-running-club.org\/index.php?rest_route=\/wp\/v2\/pages"}],"about":[{"href":"https:\/\/bolbec-running-club.org\/index.php?rest_route=\/wp\/v2\/types\/page"}],"author":[{"embeddable":true,"href":"https:\/\/bolbec-running-club.org\/index.php?rest_route=\/wp\/v2\/users\/1"}],"replies":[{"embeddable":true,"href":"https:\/\/bolbec-running-club.org\/index.php?rest_route=%2Fwp%2Fv2%2Fcomments&post=6611"}],"version-history":[{"count":48,"href":"https:\/\/bolbec-running-club.org\/index.php?rest_route=\/wp\/v2\/pages\/6611\/revisions"}],"predecessor-version":[{"id":6737,"href":"https:\/\/bolbec-running-club.org\/index.php?rest_route=\/wp\/v2\/pages\/6611\/revisions\/6737"}],"wp:featuredmedia":[{"embeddable":true,"href":"https:\/\/bolbec-running-club.org\/index.php?rest_route=\/wp\/v2\/media\/6616"}],"wp:attachment":[{"href":"https:\/\/bolbec-running-club.org\/index.php?rest_route=%2Fwp%2Fv2%2Fmedia&parent=6611"}],"curies":[{"name":"wp","href":"https:\/\/api.w.org\/{rel}","templated":true}]}}